{"id":4767,"date":"2025-07-28T14:01:12","date_gmt":"2025-07-28T14:01:12","guid":{"rendered":"https:\/\/gpi-pharmaceutical.com\/duurzaamheid\/"},"modified":"2025-10-06T12:52:27","modified_gmt":"2025-10-06T12:52:27","slug":"nachhaltigkeit","status":"publish","type":"page","link":"https:\/\/gpi-pharmaceutical.com\/de\/nachhaltigkeit\/","title":{"rendered":"Nachhaltigkeit"},"content":{"rendered":"\t\t<div data-elementor-type=\"wp-page\" data-elementor-id=\"4767\" class=\"elementor elementor-4767 elementor-1335\" data-elementor-post-type=\"page\">\n\t\t\t\t<div class=\"elementor-element elementor-element-3c1611d9 e-con-full e-flex e-con e-parent\" data-id=\"3c1611d9\" data-element_type=\"container\" data-e-type=\"container\" data-settings=\"{&quot;background_background&quot;:&quot;gradient&quot;}\">\n\t\t\t\t<div class=\"elementor-element elementor-element-6d58a8a2 elementor-widget elementor-widget-brandbox\" data-id=\"6d58a8a2\" data-element_type=\"widget\" data-e-type=\"widget\" data-widget_type=\"brandbox.default\">\n\t\t\t\t<div class=\"elementor-widget-container\">\n\t\t\t\t\t<div class=\"brandbox\">\n\t<div class=\"brandbox-content\">\n\t\t\t\t\n\t\t\t\t\t<h1 class=\"brandbox-title\">Nachhaltigkeit<\/h1>\n\t\t\n\t\t\t\t\t<span class=\"brandbox-subtitle\">Unsere Zukunft<\/span>\n\t\t\t<\/div>\n\n\t<div class=\"brandbox-media\">\n\t\t\t\t\t<img fetchpriority=\"high\" decoding=\"async\" width=\"1000\" height=\"750\" src=\"https:\/\/gpi-pharmaceutical.com\/wp-content\/uploads\/2025\/07\/lopik.jpg\" class=\"attachment-full size-full\" alt=\"Hoofdkantoor Gpi Pharma\" srcset=\"https:\/\/gpi-pharmaceutical.com\/wp-content\/uploads\/2025\/07\/lopik.jpg 1000w, https:\/\/gpi-pharmaceutical.com\/wp-content\/uploads\/2025\/07\/lopik-300x225.jpg 300w, https:\/\/gpi-pharmaceutical.com\/wp-content\/uploads\/2025\/07\/lopik-768x576.jpg 768w\" sizes=\"(max-width: 1000px) 100vw, 1000px\" \/>\t\t\t<\/div> \n<\/div>\n\n\t\t\t\t<\/div>\n\t\t\t\t<\/div>\n\t\t\t\t<\/div>\n\t\t<div class=\"elementor-element elementor-element-1c1e1ee4 e-flex e-con-boxed e-con e-parent\" data-id=\"1c1e1ee4\" data-element_type=\"container\" data-e-type=\"container\" data-settings=\"{&quot;background_background&quot;:&quot;gradient&quot;}\">\n\t\t\t\t\t<div class=\"e-con-inner\">\n\t\t<div class=\"elementor-element elementor-element-7a114608 e-con-full e-flex e-con e-child\" data-id=\"7a114608\" data-element_type=\"container\" data-e-type=\"container\">\n\t\t\t\t<div class=\"elementor-element elementor-element-6d33a885 elementor-widget elementor-widget-heading\" data-id=\"6d33a885\" data-element_type=\"widget\" data-e-type=\"widget\" data-widget_type=\"heading.default\">\n\t\t\t\t<div class=\"elementor-widget-container\">\n\t\t\t\t\t<h2 class=\"elementor-heading-title elementor-size-default\">\u00dcber uns<\/h2>\t\t\t\t<\/div>\n\t\t\t\t<\/div>\n\t\t\t\t<div class=\"elementor-element elementor-element-26fc8f19 elementor-widget elementor-widget-text-editor\" data-id=\"26fc8f19\" data-element_type=\"widget\" data-e-type=\"widget\" data-widget_type=\"text-editor.default\">\n\t\t\t\t<div class=\"elementor-widget-container\">\n\t\t\t\t\t\t\t\t\t<p>Bei Gpi Pharma streben wir nach nachhaltigem und verantwortungsbewusstem Handeln innerhalb einer stark regulierten Industrie. Wir verbinden hochwertige technische L\u00f6sungen mit Augenmerk auf Mensch, Umwelt und Zukunftsf\u00e4higkeit. Das bedeutet, dass wir bewusst mit Materialwahl, Energieverbrauch und Produktionsprozessen umgehen und in eine sichere, gesunde Arbeitsumgebung investieren. So tragen wir zu nachhaltigem Wert f\u00fcr Kunden und Gesellschaft bei.<\/p>\t\t\t\t\t\t\t\t<\/div>\n\t\t\t\t<\/div>\n\t\t\t\t<\/div>\n\t\t<div class=\"elementor-element elementor-element-64e2966e e-con-full e-flex e-con e-child\" data-id=\"64e2966e\" data-element_type=\"container\" data-e-type=\"container\">\n\t\t\t\t<div class=\"elementor-element elementor-element-39f3d7a0 elementor-widget elementor-widget-overlap-cta\" data-id=\"39f3d7a0\" data-element_type=\"widget\" data-e-type=\"widget\" data-widget_type=\"overlap-cta.default\">\n\t\t\t\t<div class=\"elementor-widget-container\">\n\t\t\t\t\t<div class=\"overlap-cta \">\n    <div class=\"overlap-cta-content\">\n                    <h2>Nachhaltige Materialwahl<\/h2>\n        \n                    <p>F\u00fcr pharmazeutische Anwendungen w\u00e4hlen wir bewusst Edelstahl aufgrund seiner Nachhaltigkeit, hygienischen Eigenschaften und langen Lebensdauer. Materialien wie Edelstahl 304, 316L und Duplex (h\u00e4ufig f\u00fcr gr\u00f6\u00dfere Speichervolumen) bieten hervorragende Korrosionsbest\u00e4ndigkeit und eignen sich f\u00fcr intensiven und langfristigen Einsatz in kritischen Prozessen. Dies reduziert die Austauschfrequenz und tr\u00e4gt zu einer geringeren Umweltbelastung \u00fcber den gesamten Lebenszyklus bei. Auf Wunsch fertigen wir Tanks aus Edelstahl, der bis zu 95 Prozent recyceltes Material enth\u00e4lt, wie Outokumpu Circle Green\u00ae \u2013 eine verantwortungsvolle Wahl, ohne Abstriche bei Qualit\u00e4t oder Konformit\u00e4t.<\/p>\n        \n            <\/div>\n\n    <div class=\"overlap-cta-image\"><\/div>\n<\/div>\t\t\t\t<\/div>\n\t\t\t\t<\/div>\n\t\t\t\t<\/div>\n\t\t\t\t\t<\/div>\n\t\t\t\t<\/div>\n\t\t<div class=\"elementor-element elementor-element-625cff69 e-flex e-con-boxed e-con e-parent\" data-id=\"625cff69\" data-element_type=\"container\" data-e-type=\"container\">\n\t\t\t\t\t<div class=\"e-con-inner\">\n\t\t<div class=\"elementor-element elementor-element-e34f281 e-con-full e-flex e-con e-child\" data-id=\"e34f281\" data-element_type=\"container\" data-e-type=\"container\">\n\t\t\t\t<div class=\"elementor-element elementor-element-af2be77 elementor-widget elementor-widget-image\" data-id=\"af2be77\" data-element_type=\"widget\" data-e-type=\"widget\" data-widget_type=\"image.default\">\n\t\t\t\t<div class=\"elementor-widget-container\">\n\t\t\t\t\t\t\t\t\t\t\t\t\t\t\t<img decoding=\"async\" width=\"2100\" height=\"1400\" src=\"https:\/\/gpi-pharmaceutical.com\/wp-content\/uploads\/2025\/07\/MG_4415-v2-1.jpg\" class=\"attachment-full size-full wp-image-1116\" alt=\"\" srcset=\"https:\/\/gpi-pharmaceutical.com\/wp-content\/uploads\/2025\/07\/MG_4415-v2-1.jpg 2100w, https:\/\/gpi-pharmaceutical.com\/wp-content\/uploads\/2025\/07\/MG_4415-v2-1-300x200.jpg 300w, https:\/\/gpi-pharmaceutical.com\/wp-content\/uploads\/2025\/07\/MG_4415-v2-1-1024x683.jpg 1024w, https:\/\/gpi-pharmaceutical.com\/wp-content\/uploads\/2025\/07\/MG_4415-v2-1-768x512.jpg 768w, https:\/\/gpi-pharmaceutical.com\/wp-content\/uploads\/2025\/07\/MG_4415-v2-1-1536x1024.jpg 1536w, https:\/\/gpi-pharmaceutical.com\/wp-content\/uploads\/2025\/07\/MG_4415-v2-1-2048x1365.jpg 2048w\" sizes=\"(max-width: 2100px) 100vw, 2100px\" \/>\t\t\t\t\t\t\t\t\t\t\t\t\t\t\t<\/div>\n\t\t\t\t<\/div>\n\t\t\t\t<\/div>\n\t\t<div class=\"elementor-element elementor-element-8c50ea3 e-con-full e-flex e-con e-child\" data-id=\"8c50ea3\" data-element_type=\"container\" data-e-type=\"container\">\n\t\t\t\t<div class=\"elementor-element elementor-element-1268e136 elementor-widget elementor-widget-heading\" data-id=\"1268e136\" data-element_type=\"widget\" data-e-type=\"widget\" data-widget_type=\"heading.default\">\n\t\t\t\t<div class=\"elementor-widget-container\">\n\t\t\t\t\t<h2 class=\"elementor-heading-title elementor-size-default\">Nachhaltiger Fuhrpark.<\/h2>\t\t\t\t<\/div>\n\t\t\t\t<\/div>\n\t\t\t\t<div class=\"elementor-element elementor-element-57758b34 elementor-widget elementor-widget-text-editor\" data-id=\"57758b34\" data-element_type=\"widget\" data-e-type=\"widget\" data-widget_type=\"text-editor.default\">\n\t\t\t\t<div class=\"elementor-widget-container\">\n\t\t\t\t\t\t\t\t\t<p>Wir gestalten unsere Mobilit\u00e4t nachhaltiger, indem wir unseren Fuhrpark mit Hybrid- und vollelektrischen Fahrzeugen elektrifizieren. Damit reduzieren wir unseren CO\u2082-Fu\u00dfabdruck und leisten einen Beitrag zu einer saubereren Zukunft.<\/p>\t\t\t\t\t\t\t\t<\/div>\n\t\t\t\t<\/div>\n\t\t\t\t<\/div>\n\t\t\t\t\t<\/div>\n\t\t\t\t<\/div>\n\t\t<div class=\"elementor-element elementor-element-7c0d84d2 e-flex e-con-boxed e-con e-parent\" data-id=\"7c0d84d2\" data-element_type=\"container\" data-e-type=\"container\">\n\t\t\t\t\t<div class=\"e-con-inner\">\n\t\t<div class=\"elementor-element elementor-element-286ea90b e-con-full e-flex e-con e-child\" data-id=\"286ea90b\" data-element_type=\"container\" data-e-type=\"container\">\n\t\t\t\t<div class=\"elementor-element elementor-element-4133fa87 elementor-widget elementor-widget-image\" data-id=\"4133fa87\" data-element_type=\"widget\" data-e-type=\"widget\" data-widget_type=\"image.default\">\n\t\t\t\t<div class=\"elementor-widget-container\">\n\t\t\t\t\t\t\t\t\t\t\t\t\t\t\t<img decoding=\"async\" width=\"2560\" height=\"1707\" src=\"https:\/\/gpi-pharmaceutical.com\/wp-content\/uploads\/2025\/07\/IMG_0336-scaled-1.jpg\" class=\"attachment-full size-full wp-image-1119\" alt=\"\" srcset=\"https:\/\/gpi-pharmaceutical.com\/wp-content\/uploads\/2025\/07\/IMG_0336-scaled-1.jpg 2560w, https:\/\/gpi-pharmaceutical.com\/wp-content\/uploads\/2025\/07\/IMG_0336-scaled-1-300x200.jpg 300w, https:\/\/gpi-pharmaceutical.com\/wp-content\/uploads\/2025\/07\/IMG_0336-scaled-1-1024x683.jpg 1024w, https:\/\/gpi-pharmaceutical.com\/wp-content\/uploads\/2025\/07\/IMG_0336-scaled-1-768x512.jpg 768w, https:\/\/gpi-pharmaceutical.com\/wp-content\/uploads\/2025\/07\/IMG_0336-scaled-1-1536x1024.jpg 1536w, https:\/\/gpi-pharmaceutical.com\/wp-content\/uploads\/2025\/07\/IMG_0336-scaled-1-2048x1366.jpg 2048w\" sizes=\"(max-width: 2560px) 100vw, 2560px\" \/>\t\t\t\t\t\t\t\t\t\t\t\t\t\t\t<\/div>\n\t\t\t\t<\/div>\n\t\t\t\t<\/div>\n\t\t<div class=\"elementor-element elementor-element-3e6ad594 e-con-full e-flex e-con e-child\" data-id=\"3e6ad594\" data-element_type=\"container\" data-e-type=\"container\">\n\t\t\t\t<div class=\"elementor-element elementor-element-7f0d137c elementor-widget elementor-widget-heading\" data-id=\"7f0d137c\" data-element_type=\"widget\" data-e-type=\"widget\" data-widget_type=\"heading.default\">\n\t\t\t\t<div class=\"elementor-widget-container\">\n\t\t\t\t\t<h2 class=\"elementor-heading-title elementor-size-default\">Gesellschaftlich engagiert<\/h2>\t\t\t\t<\/div>\n\t\t\t\t<\/div>\n\t\t\t\t<div class=\"elementor-element elementor-element-1f17278a elementor-widget elementor-widget-text-editor\" data-id=\"1f17278a\" data-element_type=\"widget\" data-e-type=\"widget\" data-widget_type=\"text-editor.default\">\n\t\t\t\t<div class=\"elementor-widget-container\">\n\t\t\t\t\t\t\t\t\t<p>Wir unterst\u00fctzen lokale Gemeinschaften durch Initiativen wie unsere Zusammenarbeit mit JINC, bei der wir Jugendliche bei der Orientierung auf dem Arbeitsmarkt unterst\u00fctzen. Mit Programmen wie \u201eBaas van Morgen\u201c und praxisnahen Workshops f\u00f6rdern wir Chancengleichheit. Dar\u00fcber hinaus f\u00f6rdern wir Sport und Teamgeist durch die Teilnahme an Sportveranstaltungen wie Lauf- und Volleyballwettbewerben.<\/p>\t\t\t\t\t\t\t\t<\/div>\n\t\t\t\t<\/div>\n\t\t\t\t<\/div>\n\t\t\t\t\t<\/div>\n\t\t\t\t<\/div>\n\t\t<div class=\"elementor-element elementor-element-6af24d2e e-flex e-con-boxed e-con e-parent\" data-id=\"6af24d2e\" data-element_type=\"container\" data-e-type=\"container\">\n\t\t\t\t\t<div class=\"e-con-inner\">\n\t\t<div class=\"elementor-element elementor-element-253d18a6 e-con-full e-flex e-con e-child\" data-id=\"253d18a6\" data-element_type=\"container\" data-e-type=\"container\">\n\t\t\t\t<div class=\"elementor-element elementor-element-49dabab7 elementor-widget elementor-widget-image\" data-id=\"49dabab7\" data-element_type=\"widget\" data-e-type=\"widget\" data-widget_type=\"image.default\">\n\t\t\t\t<div class=\"elementor-widget-container\">\n\t\t\t\t\t\t\t\t\t\t\t\t\t\t\t<img loading=\"lazy\" decoding=\"async\" width=\"1726\" height=\"888\" src=\"https:\/\/gpi-pharmaceutical.com\/wp-content\/uploads\/2025\/07\/werken-bij-Gpi-kantoor-8.jpg\" class=\"attachment-full size-full wp-image-1122\" alt=\"\" srcset=\"https:\/\/gpi-pharmaceutical.com\/wp-content\/uploads\/2025\/07\/werken-bij-Gpi-kantoor-8.jpg 1726w, https:\/\/gpi-pharmaceutical.com\/wp-content\/uploads\/2025\/07\/werken-bij-Gpi-kantoor-8-300x154.jpg 300w, https:\/\/gpi-pharmaceutical.com\/wp-content\/uploads\/2025\/07\/werken-bij-Gpi-kantoor-8-1024x527.jpg 1024w, https:\/\/gpi-pharmaceutical.com\/wp-content\/uploads\/2025\/07\/werken-bij-Gpi-kantoor-8-768x395.jpg 768w, https:\/\/gpi-pharmaceutical.com\/wp-content\/uploads\/2025\/07\/werken-bij-Gpi-kantoor-8-1536x790.jpg 1536w\" sizes=\"(max-width: 1726px) 100vw, 1726px\" \/>\t\t\t\t\t\t\t\t\t\t\t\t\t\t\t<\/div>\n\t\t\t\t<\/div>\n\t\t\t\t<\/div>\n\t\t<div class=\"elementor-element elementor-element-732a4cf4 e-con-full e-flex e-con e-child\" data-id=\"732a4cf4\" data-element_type=\"container\" data-e-type=\"container\">\n\t\t\t\t<div class=\"elementor-element elementor-element-191bac71 elementor-widget elementor-widget-heading\" data-id=\"191bac71\" data-element_type=\"widget\" data-e-type=\"widget\" data-widget_type=\"heading.default\">\n\t\t\t\t<div class=\"elementor-widget-container\">\n\t\t\t\t\t<h2 class=\"elementor-heading-title elementor-size-default\">Entwicklung im Unternehmen<\/h2>\t\t\t\t<\/div>\n\t\t\t\t<\/div>\n\t\t\t\t<div class=\"elementor-element elementor-element-6a98fae elementor-widget elementor-widget-text-editor\" data-id=\"6a98fae\" data-element_type=\"widget\" data-e-type=\"widget\" data-widget_type=\"text-editor.default\">\n\t\t\t\t<div class=\"elementor-widget-container\">\n\t\t\t\t\t\t\t\t\t<p>Nachhaltiges Wirtschaften bedeutet f\u00fcr Gpi auch, in Menschen zu investieren. Wir bieten M\u00f6glichkeiten f\u00fcr Aus- und Weiterbildungen, Trainings, Praktika und Betriebsbesuche. So unterst\u00fctzen wir die berufliche Entwicklung unserer Mitarbeitenden und zuk\u00fcnftiger Fachkr\u00e4fte.<\/p>\t\t\t\t\t\t\t\t<\/div>\n\t\t\t\t<\/div>\n\t\t\t\t<\/div>\n\t\t\t\t\t<\/div>\n\t\t\t\t<\/div>\n\t\t<div class=\"elementor-element elementor-element-6b258ac1 e-flex e-con-boxed e-con e-parent\" data-id=\"6b258ac1\" data-element_type=\"container\" data-e-type=\"container\">\n\t\t\t\t\t<div class=\"e-con-inner\">\n\t\t<div class=\"elementor-element elementor-element-3c16d0cb e-con-full e-flex e-con e-child\" data-id=\"3c16d0cb\" data-element_type=\"container\" data-e-type=\"container\">\n\t\t\t\t<div class=\"elementor-element elementor-element-1e4bc2d1 elementor-widget elementor-widget-image\" data-id=\"1e4bc2d1\" data-element_type=\"widget\" data-e-type=\"widget\" data-widget_type=\"image.default\">\n\t\t\t\t<div class=\"elementor-widget-container\">\n\t\t\t\t\t\t\t\t\t\t\t\t\t\t\t<img loading=\"lazy\" decoding=\"async\" width=\"1626\" height=\"844\" src=\"https:\/\/gpi-pharmaceutical.com\/wp-content\/uploads\/2025\/07\/werken-bij-Gpi-kantoor-10.jpg\" class=\"attachment-full size-full wp-image-1125\" alt=\"\" srcset=\"https:\/\/gpi-pharmaceutical.com\/wp-content\/uploads\/2025\/07\/werken-bij-Gpi-kantoor-10.jpg 1626w, https:\/\/gpi-pharmaceutical.com\/wp-content\/uploads\/2025\/07\/werken-bij-Gpi-kantoor-10-300x156.jpg 300w, https:\/\/gpi-pharmaceutical.com\/wp-content\/uploads\/2025\/07\/werken-bij-Gpi-kantoor-10-1024x532.jpg 1024w, https:\/\/gpi-pharmaceutical.com\/wp-content\/uploads\/2025\/07\/werken-bij-Gpi-kantoor-10-768x399.jpg 768w, https:\/\/gpi-pharmaceutical.com\/wp-content\/uploads\/2025\/07\/werken-bij-Gpi-kantoor-10-1536x797.jpg 1536w\" sizes=\"(max-width: 1626px) 100vw, 1626px\" \/>\t\t\t\t\t\t\t\t\t\t\t\t\t\t\t<\/div>\n\t\t\t\t<\/div>\n\t\t\t\t<\/div>\n\t\t<div class=\"elementor-element elementor-element-e169f2a e-con-full e-flex e-con e-child\" data-id=\"e169f2a\" data-element_type=\"container\" data-e-type=\"container\">\n\t\t\t\t<div class=\"elementor-element elementor-element-7da56c65 elementor-widget elementor-widget-heading\" data-id=\"7da56c65\" data-element_type=\"widget\" data-e-type=\"widget\" data-widget_type=\"heading.default\">\n\t\t\t\t<div class=\"elementor-widget-container\">\n\t\t\t\t\t<h2 class=\"elementor-heading-title elementor-size-default\">Ein gutes Arbeitsumfeld<\/h2>\t\t\t\t<\/div>\n\t\t\t\t<\/div>\n\t\t\t\t<div class=\"elementor-element elementor-element-76873305 elementor-widget elementor-widget-text-editor\" data-id=\"76873305\" data-element_type=\"widget\" data-e-type=\"widget\" data-widget_type=\"text-editor.default\">\n\t\t\t\t<div class=\"elementor-widget-container\">\n\t\t\t\t\t\t\t\t\t<p data-start=\"64\" data-end=\"374\">Wir streben eine sichere, respektvolle und inklusive Arbeitskultur an. Wir erf\u00fcllen alle geltenden Arbeitsgesetze und bieten langfristige Arbeitsplatzsicherheit sowie Entwicklungsm\u00f6glichkeiten. Mitarbeitende erhalten individuell angepasste pers\u00f6nliche Schutzausr\u00fcstung, wie Sicherheitsschuhe und Geh\u00f6rschutz.<\/p><p data-start=\"376\" data-end=\"733\">Einen gesunden Lebensstil f\u00f6rdern wir unter anderem durch frisches Obst und Milchprodukte in der Kantine, ein eigenes Fitnessstudio, sportliche Aktivit\u00e4ten und ein Fahrradprogramm f\u00fcr nachhaltigen Arbeitswegverkehr. Neue Kolleginnen und Kollegen erhalten eine wiederverwendbare Kaffeetasse und Trinkflasche als Teil unseres Engagements f\u00fcr weniger Abfall.<\/p>\t\t\t\t\t\t\t\t<\/div>\n\t\t\t\t<\/div>\n\t\t\t\t<\/div>\n\t\t\t\t\t<\/div>\n\t\t\t\t<\/div>\n\t\t\t\t<\/div>\n\t\t","protected":false},"excerpt":{"rendered":"<p>Nachhaltigkeit Unsere Zukunft \u00dcber uns Bei Gpi Pharma streben wir nach nachhaltigem und verantwortungsbewusstem Handeln innerhalb einer stark regulierten Industrie. Wir verbinden hochwertige technische L\u00f6sungen mit Augenmerk auf Mensch, Umwelt und Zukunftsf\u00e4higkeit. Das bedeutet, dass wir bewusst mit Materialwahl, Energieverbrauch und Produktionsprozessen umgehen und in eine sichere, gesunde Arbeitsumgebung investieren. So tragen wir zu nachhaltigem [&hellip;]<\/p>\n","protected":false},"author":4,"featured_media":0,"parent":0,"menu_order":0,"comment_status":"closed","ping_status":"closed","template":"","meta":{"_acf_changed":false,"footnotes":""},"class_list":["post-4767","page","type-page","status-publish","hentry"],"acf":[],"_links":{"self":[{"href":"https:\/\/gpi-pharmaceutical.com\/de\/wp-json\/wp\/v2\/pages\/4767","targetHints":{"allow":["GET"]}}],"collection":[{"href":"https:\/\/gpi-pharmaceutical.com\/de\/wp-json\/wp\/v2\/pages"}],"about":[{"href":"https:\/\/gpi-pharmaceutical.com\/de\/wp-json\/wp\/v2\/types\/page"}],"author":[{"embeddable":true,"href":"https:\/\/gpi-pharmaceutical.com\/de\/wp-json\/wp\/v2\/users\/4"}],"replies":[{"embeddable":true,"href":"https:\/\/gpi-pharmaceutical.com\/de\/wp-json\/wp\/v2\/comments?post=4767"}],"version-history":[{"count":4,"href":"https:\/\/gpi-pharmaceutical.com\/de\/wp-json\/wp\/v2\/pages\/4767\/revisions"}],"predecessor-version":[{"id":4772,"href":"https:\/\/gpi-pharmaceutical.com\/de\/wp-json\/wp\/v2\/pages\/4767\/revisions\/4772"}],"wp:attachment":[{"href":"https:\/\/gpi-pharmaceutical.com\/de\/wp-json\/wp\/v2\/media?parent=4767"}],"curies":[{"name":"wp","href":"https:\/\/api.w.org\/{rel}","templated":true}]}}