{"id":4755,"date":"2025-07-10T12:11:08","date_gmt":"2025-07-10T12:11:08","guid":{"rendered":"https:\/\/gpi-pharmaceutical.com\/veiligheid\/"},"modified":"2025-11-26T15:06:59","modified_gmt":"2025-11-26T15:06:59","slug":"sicherheit","status":"publish","type":"page","link":"https:\/\/gpi-pharmaceutical.com\/de\/sicherheit\/","title":{"rendered":"Sicherheit"},"content":{"rendered":"\t\t<div data-elementor-type=\"wp-page\" data-elementor-id=\"4755\" class=\"elementor elementor-4755 elementor-1179\" data-elementor-post-type=\"page\">\n\t\t\t\t<div class=\"elementor-element elementor-element-74a8ad3f e-con-full e-flex e-con e-parent\" data-id=\"74a8ad3f\" data-element_type=\"container\" data-e-type=\"container\" data-settings=\"{&quot;background_background&quot;:&quot;gradient&quot;}\">\n\t\t\t\t<div class=\"elementor-element elementor-element-1f7ae2ab elementor-widget elementor-widget-brandbox\" data-id=\"1f7ae2ab\" data-element_type=\"widget\" data-e-type=\"widget\" data-widget_type=\"brandbox.default\">\n\t\t\t\t<div class=\"elementor-widget-container\">\n\t\t\t\t\t<div class=\"brandbox\">\n\t<div class=\"brandbox-content\">\n\t\t\t\t\n\t\t\t\t\t<h1 class=\"brandbox-title\">Sicherheit<\/h1>\n\t\t\n\t\t\t\t\t<span class=\"brandbox-subtitle\">Unsere Priorit\u00e4t.<\/span>\n\t\t\t<\/div>\n\n\t<div class=\"brandbox-media\">\n\t\t\t\t\t<img fetchpriority=\"high\" decoding=\"async\" width=\"2100\" height=\"1400\" src=\"https:\/\/gpi-pharmaceutical.com\/wp-content\/uploads\/2025\/11\/Medicijntank-Pharma-4.jpg\" class=\"attachment-full size-full\" alt=\"Mobiler Edelstahl-Medikamententank mit Mannloch von Gpi Pharma\" srcset=\"https:\/\/gpi-pharmaceutical.com\/wp-content\/uploads\/2025\/11\/Medicijntank-Pharma-4.jpg 2100w, https:\/\/gpi-pharmaceutical.com\/wp-content\/uploads\/2025\/11\/Medicijntank-Pharma-4-300x200.jpg 300w, https:\/\/gpi-pharmaceutical.com\/wp-content\/uploads\/2025\/11\/Medicijntank-Pharma-4-1024x683.jpg 1024w, https:\/\/gpi-pharmaceutical.com\/wp-content\/uploads\/2025\/11\/Medicijntank-Pharma-4-768x512.jpg 768w, https:\/\/gpi-pharmaceutical.com\/wp-content\/uploads\/2025\/11\/Medicijntank-Pharma-4-1536x1024.jpg 1536w, https:\/\/gpi-pharmaceutical.com\/wp-content\/uploads\/2025\/11\/Medicijntank-Pharma-4-2048x1365.jpg 2048w\" sizes=\"(max-width: 2100px) 100vw, 2100px\" \/>\t\t\t<\/div> \n<\/div>\n\n\t\t\t\t<\/div>\n\t\t\t\t<\/div>\n\t\t\t\t<\/div>\n\t\t<div class=\"elementor-element elementor-element-1e3a7e13 e-flex e-con-boxed e-con e-parent\" data-id=\"1e3a7e13\" data-element_type=\"container\" data-e-type=\"container\" data-settings=\"{&quot;background_background&quot;:&quot;gradient&quot;}\">\n\t\t\t\t\t<div class=\"e-con-inner\">\n\t\t<div class=\"elementor-element elementor-element-1ce797a3 e-con-full e-flex e-con e-child\" data-id=\"1ce797a3\" data-element_type=\"container\" data-e-type=\"container\">\n\t\t\t\t<div class=\"elementor-element elementor-element-3d916882 elementor-widget elementor-widget-text-editor\" data-id=\"3d916882\" data-element_type=\"widget\" data-e-type=\"widget\" data-widget_type=\"text-editor.default\">\n\t\t\t\t<div class=\"elementor-widget-container\">\n\t\t\t\t\t\t\t\t\t<p>Bei Gpi Pharma ist Sicherheit ein fester Bestandteil unseres t\u00e4glichen Handelns. In unserer eigenen Produktionsst\u00e4tte, in der wir hochwertige Edelstahltanks und Anlagen f\u00fcr die pharmazeutische Industrie fertigen, gew\u00e4hrleisten wir die Sicherheit unserer Mitarbeitenden, Partner und die Endqualit\u00e4t unserer Produkte durch strukturelle Ma\u00dfnahmen und eine ausgepr\u00e4gte Sicherheitskultur.<\/p>\t\t\t\t\t\t\t\t<\/div>\n\t\t\t\t<\/div>\n\t\t\t\t<\/div>\n\t\t<div class=\"elementor-element elementor-element-16cf1956 e-con-full e-flex e-con e-child\" data-id=\"16cf1956\" data-element_type=\"container\" data-e-type=\"container\">\n\t\t\t\t<div class=\"elementor-element elementor-element-71913a5c elementor-widget elementor-widget-overlap-cta\" data-id=\"71913a5c\" data-element_type=\"widget\" data-e-type=\"widget\" data-widget_type=\"overlap-cta.default\">\n\t\t\t\t<div class=\"elementor-widget-container\">\n\t\t\t\t\t<div class=\"overlap-cta \">\n    <div class=\"overlap-cta-content\">\n                    <h2>Zertifizierte Prozesse<\/h2>\n        \n                    <p>Unser Werk erf\u00fcllt die h\u00f6chsten Sicherheits- und Qualit\u00e4tsstandards. Wir sind unter anderem nach ISO 45001 f\u00fcr sicheres und gesundes Arbeiten zertifiziert. Diese Norm bildet zusammen mit ISO 9001 und den GMP-Richtlinien die Grundlage f\u00fcr unseren Sicherheitsansatz, der auf Pr\u00e4vention, Kontrolle und kontinuierlicher Verbesserung basiert.<\/p>\n        \n            <\/div>\n\n    <div class=\"overlap-cta-image\"><\/div>\n<\/div>\t\t\t\t<\/div>\n\t\t\t\t<\/div>\n\t\t\t\t<\/div>\n\t\t\t\t\t<\/div>\n\t\t\t\t<\/div>\n\t\t<div class=\"elementor-element elementor-element-5d174d99 e-flex e-con-boxed e-con e-parent\" data-id=\"5d174d99\" data-element_type=\"container\" data-e-type=\"container\">\n\t\t\t\t\t<div class=\"e-con-inner\">\n\t\t<div class=\"elementor-element elementor-element-57473d66 e-con-full e-flex e-con e-child\" data-id=\"57473d66\" data-element_type=\"container\" data-e-type=\"container\">\n\t\t\t\t<div class=\"elementor-element elementor-element-624bc617 elementor-widget elementor-widget-image\" data-id=\"624bc617\" data-element_type=\"widget\" data-e-type=\"widget\" data-widget_type=\"image.default\">\n\t\t\t\t<div class=\"elementor-widget-container\">\n\t\t\t\t\t\t\t\t\t\t\t\t\t\t\t<img decoding=\"async\" width=\"2100\" height=\"1400\" src=\"https:\/\/gpi-pharmaceutical.com\/wp-content\/uploads\/2025\/07\/MG_8687.jpg\" class=\"attachment-full size-full wp-image-1134\" alt=\"\" srcset=\"https:\/\/gpi-pharmaceutical.com\/wp-content\/uploads\/2025\/07\/MG_8687.jpg 2100w, https:\/\/gpi-pharmaceutical.com\/wp-content\/uploads\/2025\/07\/MG_8687-300x200.jpg 300w, https:\/\/gpi-pharmaceutical.com\/wp-content\/uploads\/2025\/07\/MG_8687-1024x683.jpg 1024w, https:\/\/gpi-pharmaceutical.com\/wp-content\/uploads\/2025\/07\/MG_8687-768x512.jpg 768w, https:\/\/gpi-pharmaceutical.com\/wp-content\/uploads\/2025\/07\/MG_8687-1536x1024.jpg 1536w, https:\/\/gpi-pharmaceutical.com\/wp-content\/uploads\/2025\/07\/MG_8687-2048x1365.jpg 2048w\" sizes=\"(max-width: 2100px) 100vw, 2100px\" \/>\t\t\t\t\t\t\t\t\t\t\t\t\t\t\t<\/div>\n\t\t\t\t<\/div>\n\t\t\t\t<\/div>\n\t\t<div class=\"elementor-element elementor-element-43044fff e-con-full e-flex e-con e-child\" data-id=\"43044fff\" data-element_type=\"container\" data-e-type=\"container\">\n\t\t\t\t<div class=\"elementor-element elementor-element-3f6337ff elementor-widget elementor-widget-heading\" data-id=\"3f6337ff\" data-element_type=\"widget\" data-e-type=\"widget\" data-widget_type=\"heading.default\">\n\t\t\t\t<div class=\"elementor-widget-container\">\n\t\t\t\t\t<h2 class=\"elementor-heading-title elementor-size-default\">Sicheres Arbeiten<\/h2>\t\t\t\t<\/div>\n\t\t\t\t<\/div>\n\t\t\t\t<div class=\"elementor-element elementor-element-68e68ac1 elementor-widget elementor-widget-text-editor\" data-id=\"68e68ac1\" data-element_type=\"widget\" data-e-type=\"widget\" data-widget_type=\"text-editor.default\">\n\t\t\t\t<div class=\"elementor-widget-container\">\n\t\t\t\t\t\t\t\t\t<p data-start=\"64\" data-end=\"388\">Unsere Mitarbeitenden sind unsere St\u00e4rke. Projektleiter, Schwei\u00dfer, Monteure und Qualit\u00e4tsfachkr\u00e4fte verf\u00fcgen \u00fcber die notwendige Erfahrung und Zertifikate, um ihre Arbeit sicher und sorgf\u00e4ltig auszuf\u00fchren. Interne Schulungen, praxisnahe Toolbox-Meetings und Arbeitsplatzinspektionen tragen zum Sicherheitsbewusstsein bei.<\/p><p data-start=\"390\" data-end=\"816\">Wir sind \u00fcberzeugt, dass Sicherheit bei der Einstellung und dem Verhalten beginnt. Jede Mitarbeitende wird aktiv in das Erkennen und Verbessern von Sicherheitsaspekten einbezogen. Wir sprechen uns gegenseitig an, teilen Wissen und arbeiten gemeinsam an einer Kultur, in der Sicherheit selbstverst\u00e4ndlich ist. So schaffen wir nachhaltige Qualit\u00e4t in einer Umgebung, in der Menschen sicher arbeiten und sich entwickeln k\u00f6nnen.<\/p>\t\t\t\t\t\t\t\t<\/div>\n\t\t\t\t<\/div>\n\t\t\t\t<\/div>\n\t\t\t\t\t<\/div>\n\t\t\t\t<\/div>\n\t\t<div class=\"elementor-element elementor-element-515e536f e-flex e-con-boxed e-con e-parent\" data-id=\"515e536f\" data-element_type=\"container\" data-e-type=\"container\">\n\t\t\t\t\t<div class=\"e-con-inner\">\n\t\t<div class=\"elementor-element elementor-element-23f684b3 e-con-full e-flex e-con e-child\" data-id=\"23f684b3\" data-element_type=\"container\" data-e-type=\"container\">\n\t\t\t\t<div class=\"elementor-element elementor-element-660edb8 elementor-widget elementor-widget-image\" data-id=\"660edb8\" data-element_type=\"widget\" data-e-type=\"widget\" data-widget_type=\"image.default\">\n\t\t\t\t<div class=\"elementor-widget-container\">\n\t\t\t\t\t\t\t\t\t\t\t\t\t\t\t<img decoding=\"async\" width=\"2560\" height=\"1441\" src=\"https:\/\/gpi-pharmaceutical.com\/wp-content\/uploads\/2025\/08\/20250721_132858-scaled.jpg\" class=\"attachment-full size-full wp-image-1373\" alt=\"\" srcset=\"https:\/\/gpi-pharmaceutical.com\/wp-content\/uploads\/2025\/08\/20250721_132858-scaled.jpg 2560w, https:\/\/gpi-pharmaceutical.com\/wp-content\/uploads\/2025\/08\/20250721_132858-300x169.jpg 300w, https:\/\/gpi-pharmaceutical.com\/wp-content\/uploads\/2025\/08\/20250721_132858-1024x577.jpg 1024w, https:\/\/gpi-pharmaceutical.com\/wp-content\/uploads\/2025\/08\/20250721_132858-768x432.jpg 768w, https:\/\/gpi-pharmaceutical.com\/wp-content\/uploads\/2025\/08\/20250721_132858-1536x865.jpg 1536w, https:\/\/gpi-pharmaceutical.com\/wp-content\/uploads\/2025\/08\/20250721_132858-2048x1153.jpg 2048w\" sizes=\"(max-width: 2560px) 100vw, 2560px\" \/>\t\t\t\t\t\t\t\t\t\t\t\t\t\t\t<\/div>\n\t\t\t\t<\/div>\n\t\t\t\t<\/div>\n\t\t<div class=\"elementor-element elementor-element-4f34ead8 e-con-full e-flex e-con e-child\" data-id=\"4f34ead8\" data-element_type=\"container\" data-e-type=\"container\">\n\t\t\t\t<div class=\"elementor-element elementor-element-5e9c0ad9 elementor-widget elementor-widget-heading\" data-id=\"5e9c0ad9\" data-element_type=\"widget\" data-e-type=\"widget\" data-widget_type=\"heading.default\">\n\t\t\t\t<div class=\"elementor-widget-container\">\n\t\t\t\t\t<h2 class=\"elementor-heading-title elementor-size-default\">Innovation mit Blick auf Sicherheit<\/h2>\t\t\t\t<\/div>\n\t\t\t\t<\/div>\n\t\t\t\t<div class=\"elementor-element elementor-element-628970ae elementor-widget elementor-widget-text-editor\" data-id=\"628970ae\" data-element_type=\"widget\" data-e-type=\"widget\" data-widget_type=\"text-editor.default\">\n\t\t\t\t<div class=\"elementor-widget-container\">\n\t\t\t\t\t\t\t\t\t<p data-start=\"64\" data-end=\"437\">Wir arbeiten mit modernen Technologien, die nicht nur unseren Produktionsprozess beschleunigen, sondern auch die Sicherheit erh\u00f6hen. Dazu geh\u00f6ren digitale Arbeitsvorbereitung, pr\u00e4zise Messsysteme und automatisierte Schwei\u00dfprozesse mithilfe von Schwei\u00dfcobots. Durch kontinuierliche Investitionen in Innovation machen wir stetige Fortschritte in Effizienz und Sicherheit.<\/p>\t\t\t\t\t\t\t\t<\/div>\n\t\t\t\t<\/div>\n\t\t\t\t<\/div>\n\t\t\t\t\t<\/div>\n\t\t\t\t<\/div>\n\t\t<div class=\"elementor-element elementor-element-678a14e7 e-flex e-con-boxed e-con e-parent\" data-id=\"678a14e7\" data-element_type=\"container\" data-e-type=\"container\">\n\t\t\t\t\t<div class=\"e-con-inner\">\n\t\t<div class=\"elementor-element elementor-element-730e0586 e-con-full e-flex e-con e-child\" data-id=\"730e0586\" data-element_type=\"container\" data-e-type=\"container\">\n\t\t\t\t<div class=\"elementor-element elementor-element-1a430dd elementor-widget elementor-widget-image\" data-id=\"1a430dd\" data-element_type=\"widget\" data-e-type=\"widget\" data-widget_type=\"image.default\">\n\t\t\t\t<div class=\"elementor-widget-container\">\n\t\t\t\t\t\t\t\t\t\t\t\t\t\t\t<img loading=\"lazy\" decoding=\"async\" width=\"2000\" height=\"1126\" src=\"https:\/\/gpi-pharmaceutical.com\/wp-content\/uploads\/2025\/08\/WhatsApp-Image-2025-08-06-at-10.49.44-1.jpeg\" class=\"attachment-full size-full wp-image-1385\" alt=\"\" srcset=\"https:\/\/gpi-pharmaceutical.com\/wp-content\/uploads\/2025\/08\/WhatsApp-Image-2025-08-06-at-10.49.44-1.jpeg 2000w, https:\/\/gpi-pharmaceutical.com\/wp-content\/uploads\/2025\/08\/WhatsApp-Image-2025-08-06-at-10.49.44-1-300x169.jpeg 300w, https:\/\/gpi-pharmaceutical.com\/wp-content\/uploads\/2025\/08\/WhatsApp-Image-2025-08-06-at-10.49.44-1-1024x577.jpeg 1024w, https:\/\/gpi-pharmaceutical.com\/wp-content\/uploads\/2025\/08\/WhatsApp-Image-2025-08-06-at-10.49.44-1-768x432.jpeg 768w, https:\/\/gpi-pharmaceutical.com\/wp-content\/uploads\/2025\/08\/WhatsApp-Image-2025-08-06-at-10.49.44-1-1536x865.jpeg 1536w\" sizes=\"(max-width: 2000px) 100vw, 2000px\" \/>\t\t\t\t\t\t\t\t\t\t\t\t\t\t\t<\/div>\n\t\t\t\t<\/div>\n\t\t\t\t<\/div>\n\t\t<div class=\"elementor-element elementor-element-4c43e3be e-con-full e-flex e-con e-child\" data-id=\"4c43e3be\" data-element_type=\"container\" data-e-type=\"container\">\n\t\t\t\t<div class=\"elementor-element elementor-element-51cb1799 elementor-widget elementor-widget-heading\" data-id=\"51cb1799\" data-element_type=\"widget\" data-e-type=\"widget\" data-widget_type=\"heading.default\">\n\t\t\t\t<div class=\"elementor-widget-container\">\n\t\t\t\t\t<h2 class=\"elementor-heading-title elementor-size-default\">Sicherheit in jeder Phase<\/h2>\t\t\t\t<\/div>\n\t\t\t\t<\/div>\n\t\t\t\t<div class=\"elementor-element elementor-element-156e5989 elementor-widget elementor-widget-text-editor\" data-id=\"156e5989\" data-element_type=\"widget\" data-e-type=\"widget\" data-widget_type=\"text-editor.default\">\n\t\t\t\t<div class=\"elementor-widget-container\">\n\t\t\t\t\t\t\t\t\t<p data-start=\"64\" data-end=\"408\">Auch nach der Produktion h\u00f6rt sie nicht auf, denn beim Transport, Heben und Installieren von Edelstahltanks und Druckbeh\u00e4ltern beim Kunden gelten h\u00f6chste Sicherheitsstandards. Ob es sich um einen Hersteller in den Niederlanden oder im Ausland handelt, wir ber\u00fccksichtigen stets die lokalen Gesetze und Vorschriften.<\/p><p data-start=\"410\" data-end=\"649\">Unser Ansatz beginnt bereits in der Planungsphase, in der Transport- und Hebeeinrichtungen in das Design integriert werden. Anschlie\u00dfend erfolgt jede Verlagerung, von der Fabrik bis zum Endstandort, nach einem sorgf\u00e4ltig erstellten Plan.<\/p>\t\t\t\t\t\t\t\t<\/div>\n\t\t\t\t<\/div>\n\t\t\t\t<\/div>\n\t\t\t\t\t<\/div>\n\t\t\t\t<\/div>\n\t\t<div class=\"elementor-element elementor-element-5e4cbe8a e-flex e-con-boxed e-con e-parent\" data-id=\"5e4cbe8a\" data-element_type=\"container\" data-e-type=\"container\">\n\t\t\t\t\t<div class=\"e-con-inner\">\n\t\t<div class=\"elementor-element elementor-element-2c2d1815 e-con-full e-flex e-con e-child\" data-id=\"2c2d1815\" data-element_type=\"container\" data-e-type=\"container\">\n\t\t\t\t<div class=\"elementor-element elementor-element-4aac72fb elementor-widget elementor-widget-image\" data-id=\"4aac72fb\" data-element_type=\"widget\" data-e-type=\"widget\" data-widget_type=\"image.default\">\n\t\t\t\t<div class=\"elementor-widget-container\">\n\t\t\t\t\t\t\t\t\t\t\t\t\t\t\t<img loading=\"lazy\" decoding=\"async\" width=\"1000\" height=\"667\" src=\"https:\/\/gpi-pharmaceutical.com\/wp-content\/uploads\/2025\/08\/MG_6741.jpg\" class=\"attachment-full size-full wp-image-1370\" alt=\"\" srcset=\"https:\/\/gpi-pharmaceutical.com\/wp-content\/uploads\/2025\/08\/MG_6741.jpg 1000w, https:\/\/gpi-pharmaceutical.com\/wp-content\/uploads\/2025\/08\/MG_6741-300x200.jpg 300w, https:\/\/gpi-pharmaceutical.com\/wp-content\/uploads\/2025\/08\/MG_6741-768x512.jpg 768w\" sizes=\"(max-width: 1000px) 100vw, 1000px\" \/>\t\t\t\t\t\t\t\t\t\t\t\t\t\t\t<\/div>\n\t\t\t\t<\/div>\n\t\t\t\t<\/div>\n\t\t<div class=\"elementor-element elementor-element-40707104 e-con-full e-flex e-con e-child\" data-id=\"40707104\" data-element_type=\"container\" data-e-type=\"container\">\n\t\t\t\t<div class=\"elementor-element elementor-element-3564a483 elementor-widget elementor-widget-heading\" data-id=\"3564a483\" data-element_type=\"widget\" data-e-type=\"widget\" data-widget_type=\"heading.default\">\n\t\t\t\t<div class=\"elementor-widget-container\">\n\t\t\t\t\t<h2 class=\"elementor-heading-title elementor-size-default\">PSA<\/h2>\t\t\t\t<\/div>\n\t\t\t\t<\/div>\n\t\t\t\t<div class=\"elementor-element elementor-element-511f196e elementor-widget elementor-widget-text-editor\" data-id=\"511f196e\" data-element_type=\"widget\" data-e-type=\"widget\" data-widget_type=\"text-editor.default\">\n\t\t\t\t<div class=\"elementor-widget-container\">\n\t\t\t\t\t\t\t\t\t<p>Jede Mitarbeitende arbeitet nach festgelegten Sicherheitsverfahren und verwendet die entsprechenden pers\u00f6nlichen Schutzausr\u00fcstungen. Von Schutzkleidung bis Geh\u00f6rschutz \u2013 alles ist darauf ausgerichtet, Risiken auf ein Minimum zu reduzieren. Durch diese Disziplin und Einheitlichkeit k\u00f6nnen wir als Team sicher und effizient arbeiten.<\/p>\t\t\t\t\t\t\t\t<\/div>\n\t\t\t\t<\/div>\n\t\t\t\t<\/div>\n\t\t\t\t\t<\/div>\n\t\t\t\t<\/div>\n\t\t\t\t<\/div>\n\t\t","protected":false},"excerpt":{"rendered":"<p>Sicherheit Unsere Priorit\u00e4t. Bei Gpi Pharma ist Sicherheit ein fester Bestandteil unseres t\u00e4glichen Handelns. In unserer eigenen Produktionsst\u00e4tte, in der wir hochwertige Edelstahltanks und Anlagen f\u00fcr die pharmazeutische Industrie fertigen, gew\u00e4hrleisten wir die Sicherheit unserer Mitarbeitenden, Partner und die Endqualit\u00e4t unserer Produkte durch strukturelle Ma\u00dfnahmen und eine ausgepr\u00e4gte Sicherheitskultur. Zertifizierte Prozesse Unser Werk erf\u00fcllt die [&hellip;]<\/p>\n","protected":false},"author":4,"featured_media":0,"parent":0,"menu_order":0,"comment_status":"closed","ping_status":"closed","template":"","meta":{"_acf_changed":false,"footnotes":""},"class_list":["post-4755","page","type-page","status-publish","hentry"],"acf":[],"_links":{"self":[{"href":"https:\/\/gpi-pharmaceutical.com\/de\/wp-json\/wp\/v2\/pages\/4755","targetHints":{"allow":["GET"]}}],"collection":[{"href":"https:\/\/gpi-pharmaceutical.com\/de\/wp-json\/wp\/v2\/pages"}],"about":[{"href":"https:\/\/gpi-pharmaceutical.com\/de\/wp-json\/wp\/v2\/types\/page"}],"author":[{"embeddable":true,"href":"https:\/\/gpi-pharmaceutical.com\/de\/wp-json\/wp\/v2\/users\/4"}],"replies":[{"embeddable":true,"href":"https:\/\/gpi-pharmaceutical.com\/de\/wp-json\/wp\/v2\/comments?post=4755"}],"version-history":[{"count":8,"href":"https:\/\/gpi-pharmaceutical.com\/de\/wp-json\/wp\/v2\/pages\/4755\/revisions"}],"predecessor-version":[{"id":5475,"href":"https:\/\/gpi-pharmaceutical.com\/de\/wp-json\/wp\/v2\/pages\/4755\/revisions\/5475"}],"wp:attachment":[{"href":"https:\/\/gpi-pharmaceutical.com\/de\/wp-json\/wp\/v2\/media?parent=4755"}],"curies":[{"name":"wp","href":"https:\/\/api.w.org\/{rel}","templated":true}]}}