{"id":1030,"date":"2025-04-18T11:42:21","date_gmt":"2025-04-18T11:42:21","guid":{"rendered":"https:\/\/gpi-pharmaceutical.com\/ueber-uns\/"},"modified":"2025-10-06T13:34:07","modified_gmt":"2025-10-06T13:34:07","slug":"ueber-uns","status":"publish","type":"page","link":"https:\/\/gpi-pharmaceutical.com\/de\/ueber-uns\/","title":{"rendered":"\u00dcber uns"},"content":{"rendered":"\t\t<div data-elementor-type=\"wp-page\" data-elementor-id=\"1030\" class=\"elementor elementor-1030 elementor-299\" data-elementor-post-type=\"page\">\n\t\t\t\t<div class=\"elementor-element elementor-element-20a48cdc e-con-full e-flex e-con e-parent\" data-id=\"20a48cdc\" data-element_type=\"container\" data-e-type=\"container\" data-settings=\"{&quot;background_background&quot;:&quot;gradient&quot;}\">\n\t\t\t\t<div class=\"elementor-element elementor-element-25770d21 elementor-widget elementor-widget-brandbox\" data-id=\"25770d21\" data-element_type=\"widget\" data-e-type=\"widget\" data-widget_type=\"brandbox.default\">\n\t\t\t\t<div class=\"elementor-widget-container\">\n\t\t\t\t\t<div class=\"brandbox\">\n\t<div class=\"brandbox-content\">\n\t\t\t\t\n\t\t\t\t\t<h1 class=\"brandbox-title\">\u00dcber Gpi Pharma<\/h1>\n\t\t\n\t\t\t\t\t<span class=\"brandbox-subtitle\">Experte f\u00fcr pharma Edelstahltanks<\/span>\n\t\t\t<\/div>\n\n\t<div class=\"brandbox-media\">\n\t\t\t\t\t<img fetchpriority=\"high\" decoding=\"async\" width=\"2100\" height=\"1170\" src=\"https:\/\/gpi-pharmaceutical.com\/wp-content\/uploads\/2025\/09\/MG_8713-e1752061789409.jpg\" class=\"attachment-full size-full\" alt=\"\" srcset=\"https:\/\/gpi-pharmaceutical.com\/wp-content\/uploads\/2025\/09\/MG_8713-e1752061789409.jpg 2100w, https:\/\/gpi-pharmaceutical.com\/wp-content\/uploads\/2025\/09\/MG_8713-e1752061789409-300x167.jpg 300w, https:\/\/gpi-pharmaceutical.com\/wp-content\/uploads\/2025\/09\/MG_8713-e1752061789409-1024x571.jpg 1024w, https:\/\/gpi-pharmaceutical.com\/wp-content\/uploads\/2025\/09\/MG_8713-e1752061789409-768x428.jpg 768w, https:\/\/gpi-pharmaceutical.com\/wp-content\/uploads\/2025\/09\/MG_8713-e1752061789409-1536x856.jpg 1536w, https:\/\/gpi-pharmaceutical.com\/wp-content\/uploads\/2025\/09\/MG_8713-e1752061789409-2048x1141.jpg 2048w\" sizes=\"(max-width: 2100px) 100vw, 2100px\" \/>\t\t\t<\/div> \n<\/div>\n\n\t\t\t\t<\/div>\n\t\t\t\t<\/div>\n\t\t\t\t<\/div>\n\t\t<div class=\"elementor-element elementor-element-1db6da7b e-flex e-con-boxed e-con e-parent\" data-id=\"1db6da7b\" data-element_type=\"container\" data-e-type=\"container\" data-settings=\"{&quot;background_background&quot;:&quot;gradient&quot;}\">\n\t\t\t\t\t<div class=\"e-con-inner\">\n\t\t<div class=\"elementor-element elementor-element-188a0912 e-con-full e-flex e-con e-child\" data-id=\"188a0912\" data-element_type=\"container\" data-e-type=\"container\">\n\t\t\t\t<div class=\"elementor-element elementor-element-2e1d1eb3 elementor-widget elementor-widget-heading\" data-id=\"2e1d1eb3\" data-element_type=\"widget\" data-e-type=\"widget\" data-widget_type=\"heading.default\">\n\t\t\t\t<div class=\"elementor-widget-container\">\n\t\t\t\t\t<h2 class=\"elementor-heading-title elementor-size-default\">\u00dcber uns<\/h2>\t\t\t\t<\/div>\n\t\t\t\t<\/div>\n\t\t\t\t<div class=\"elementor-element elementor-element-5552246f elementor-widget elementor-widget-text-editor\" data-id=\"5552246f\" data-element_type=\"widget\" data-e-type=\"widget\" data-widget_type=\"text-editor.default\">\n\t\t\t\t<div class=\"elementor-widget-container\">\n\t\t\t\t\t\t\t\t\t<p>Gpi Pharma ist spezialisiert auf die Planung, Herstellung und Lieferung von Edelstahl-Prozess- und Lagertanks f\u00fcr die pharmazeutische Industrie. Wir bieten ma\u00dfgeschneiderte L\u00f6sungen an: von Lagertanks bis hin zu komplexen Tanks mit s\u00e4mtlichem Zubeh\u00f6r.<\/p><p>Wir verstehen, dass ein Edelstahltank f\u00fcr die pharmazeutische Industrie nicht einfach nur ein Tank ist. Noch st\u00e4rker als in anderen Branchen erfordert die Konstruktion, Ausf\u00fchrung und Dokumentation spezialisiertes Fachwissen. Jedes Detail z\u00e4hlt \u2013 von der Materialwahl und Oberfl\u00e4chenqualit\u00e4t bis zu Anschl\u00fcssen, Dichtungen und Validierungsanforderungen. Deshalb liefern wir keine Standardl\u00f6sung, sondern ma\u00dfgeschneiderte L\u00f6sungen, die den <a href=\"https:\/\/gpi-pharmaceutical.com\/de\/qualitat\/\">strengsten Branchenstandards<\/a> entsprechen.<\/p><p>Unsere Erfahrung, Kompetenz und Expertise setzen wir in hochwertige Edelstahlprodukte und Serviceleistungen um, auf die Sie sich verlassen k\u00f6nnen. Wir denken vorausschauend, entwerfen effizient und arbeiten nicht nur f\u00fcr Endkunden, sondern auch f\u00fcr EPC- und Engineeringb\u00fcros und f\u00fcgen uns nahtlos in Projekte ein. Unser Hauptsitz mit angrenzenden Produktionshallen befindet sich zentral in Lopik in den Niederlanden.<\/p>\t\t\t\t\t\t\t\t<\/div>\n\t\t\t\t<\/div>\n\t\t\t\t<div class=\"elementor-element elementor-element-2eda8845 elementor-widget elementor-widget-heading\" data-id=\"2eda8845\" data-element_type=\"widget\" data-e-type=\"widget\" data-widget_type=\"heading.default\">\n\t\t\t\t<div class=\"elementor-widget-container\">\n\t\t\t\t\t<h3 class=\"elementor-heading-title elementor-size-default\">Unsere Mission<\/h3>\t\t\t\t<\/div>\n\t\t\t\t<\/div>\n\t\t\t\t<div class=\"elementor-element elementor-element-8f6418e elementor-widget elementor-widget-text-editor\" data-id=\"8f6418e\" data-element_type=\"widget\" data-e-type=\"widget\" data-widget_type=\"text-editor.default\">\n\t\t\t\t<div class=\"elementor-widget-container\">\n\t\t\t\t\t\t\t\t\t<p>Unsere Mission ist es, als Spezialist und zuverl\u00e4ssiger Partner weltweit zur Leistungsf\u00e4higkeit pharmazeutischer Hersteller beizutragen. Wir sind Weltakteure f\u00fcr Weltakteure und liefern hochwertige Edelstahltanks, kombiniert mit tiefgehender Expertise in Prozessen, Vorschriften und Optimierung. Mit einem multidisziplin\u00e4ren Team \u2013 von Vertrieb und Engineering bis hin zur Produktion \u2013 bieten wir durchdachte L\u00f6sungen, die den strengsten Anforderungen an Hygiene, Sicherheit und Zuverl\u00e4ssigkeit entsprechen. Durch enge Zusammenarbeit schaffen wir langfristige Partnerschaften und tragen zum Erfolg unserer Kunden bei.<\/p>\t\t\t\t\t\t\t\t<\/div>\n\t\t\t\t<\/div>\n\t\t\t\t<\/div>\n\t\t<div class=\"elementor-element elementor-element-77848494 e-con-full e-flex e-con e-child\" data-id=\"77848494\" data-element_type=\"container\" data-e-type=\"container\">\n\t\t\t\t<div class=\"elementor-element elementor-element-307b098c elementor-widget elementor-widget-overlap-cta\" data-id=\"307b098c\" data-element_type=\"widget\" data-e-type=\"widget\" data-widget_type=\"overlap-cta.default\">\n\t\t\t\t<div class=\"elementor-widget-container\">\n\t\t\t\t\t<div class=\"overlap-cta \">\n    <div class=\"overlap-cta-content\">\n                    <h2>Gpi Group<\/h2>\n        \n                    <p>Gpi Pharma wurde 2021 als Business Unit innerhalb der Gpi Group gegr\u00fcndet, um gezielter auf die hohen Anforderungen pharmazeutischer Hersteller einzugehen. Innerhalb der Gpi Group b\u00fcndeln spezialisierte Unternehmen ihre jeweilige Expertise, um gemeinsam innovative L\u00f6sungen zu entwickeln. Was uns verbindet, sind gemeinsame Kernwerte: Expertise, Innovation, Tatkraft und Engagement. Gemeinsam bilden wir ein starkes Kollektiv, das sich gegenseitig st\u00e4rkt und unsere Kunden weiterbringt.<\/p>\n        \n        \t\t\t<div class=\"gpi-button white\">\n\t\t\t\t<a href=\"https:\/\/gpi-group.com\/de\/\" target=\"_blank\" rel=\"noopener\">\n\t\t\t\t\t<span>Gpi Group Website<\/span>\n\n\t\t\t\t\t<!-- Icon -->\n\t\t\t\t\t<div class=\"gpi-button-icon\">\n\t\t\t\t\t\t<svg width=\"17\" height=\"16\" viewBox=\"0 0 17 16\" fill=\"none\" xmlns=\"http:\/\/www.w3.org\/2000\/svg\" class=\"inner-arrow\">\n\t\t\t\t\t\t\t<path d=\"M8.60352 0L7.19352 1.41L12.7735 7H0.603516V9H12.7735L7.19352 14.59L8.60352 16L16.6035 8L8.60352 0Z\" fill=\"#00A799\"\/>\n\t\t\t\t\t\t<\/svg>\n\n\t\t\t\t\t\t<svg width=\"52\" height=\"52\" class=\"outer-circle\">\n\t\t\t\t\t\t\t<circle cx=\"26\" cy=\"26\" r=\"24\" stroke=\"#e1e1e1\" stroke-width=\"1\" fill-opacity=\"0\"><\/circle>\n\t\t\t\t\t\t\t<circle class=\"circle\" cx=\"26\" cy=\"26\" r=\"24\" stroke=\"#00a799\" fill=\"#fff\" stroke-width=\"3\"><\/circle>\n\t\t\t\t\t\t<\/svg>\n\t\t\t\t\t<\/div>\n\t\t\t\t<\/a>\n\t\t\t<\/div>\n            <\/div>\n\n    <div class=\"overlap-cta-image\"><\/div>\n<\/div>\t\t\t\t<\/div>\n\t\t\t\t<\/div>\n\t\t\t\t<\/div>\n\t\t\t\t\t<\/div>\n\t\t\t\t<\/div>\n\t\t<div class=\"elementor-element elementor-element-1e5787eb e-flex e-con-boxed e-con e-parent\" data-id=\"1e5787eb\" data-element_type=\"container\" data-e-type=\"container\">\n\t\t\t\t\t<div class=\"e-con-inner\">\n\t\t<div class=\"elementor-element elementor-element-4fd3a553 e-con-full e-flex e-con e-child\" data-id=\"4fd3a553\" data-element_type=\"container\" data-e-type=\"container\">\n\t\t\t\t<div class=\"elementor-element elementor-element-4afc0689 elementor-widget elementor-widget-image\" data-id=\"4afc0689\" data-element_type=\"widget\" data-e-type=\"widget\" data-widget_type=\"image.default\">\n\t\t\t\t<div class=\"elementor-widget-container\">\n\t\t\t\t\t\t\t\t\t\t\t\t\t\t\t<img decoding=\"async\" width=\"1572\" height=\"884\" src=\"https:\/\/gpi-pharmaceutical.com\/wp-content\/uploads\/2025\/09\/MG_4488-3-2.jpg\" class=\"attachment-full size-full wp-image-4552\" alt=\"\" srcset=\"https:\/\/gpi-pharmaceutical.com\/wp-content\/uploads\/2025\/09\/MG_4488-3-2.jpg 1572w, https:\/\/gpi-pharmaceutical.com\/wp-content\/uploads\/2025\/09\/MG_4488-3-2-300x169.jpg 300w, https:\/\/gpi-pharmaceutical.com\/wp-content\/uploads\/2025\/09\/MG_4488-3-2-1024x576.jpg 1024w, https:\/\/gpi-pharmaceutical.com\/wp-content\/uploads\/2025\/09\/MG_4488-3-2-768x432.jpg 768w, https:\/\/gpi-pharmaceutical.com\/wp-content\/uploads\/2025\/09\/MG_4488-3-2-1536x864.jpg 1536w\" sizes=\"(max-width: 1572px) 100vw, 1572px\" \/>\t\t\t\t\t\t\t\t\t\t\t\t\t\t\t<\/div>\n\t\t\t\t<\/div>\n\t\t\t\t<\/div>\n\t\t<div class=\"elementor-element elementor-element-24e4c84a e-con-full e-flex e-con e-child\" data-id=\"24e4c84a\" data-element_type=\"container\" data-e-type=\"container\">\n\t\t\t\t<div class=\"elementor-element elementor-element-d9e0f8f elementor-widget elementor-widget-heading\" data-id=\"d9e0f8f\" data-element_type=\"widget\" data-e-type=\"widget\" data-widget_type=\"heading.default\">\n\t\t\t\t<div class=\"elementor-widget-container\">\n\t\t\t\t\t<h2 class=\"elementor-heading-title elementor-size-default\">Zertifizierungen<\/h2>\t\t\t\t<\/div>\n\t\t\t\t<\/div>\n\t\t\t\t<div class=\"elementor-element elementor-element-7aa1c9a9 elementor-widget elementor-widget-text-editor\" data-id=\"7aa1c9a9\" data-element_type=\"widget\" data-e-type=\"widget\" data-widget_type=\"text-editor.default\">\n\t\t\t\t<div class=\"elementor-widget-container\">\n\t\t\t\t\t\t\t\t\t<p>Bei Gpi Pharma arbeiten wir nach den h\u00f6chsten Qualit\u00e4ts- und Sicherheitsstandards. Transparenz, Compliance und kontinuierliche Verbesserung sind f\u00fcr uns selbstverst\u00e4ndlich \u2013 besonders in einer Branche, in der Pr\u00e4zision, Zuverl\u00e4ssigkeit und Regeltreue entscheidend sind. <a href=\"https:\/\/gpi-pharmaceutical.com\/de\/qualitat\/\">Unsere Zertifizierungen<\/a> unterstreichen dieses Engagement.<\/p><p><strong>ISO 9001 | Fokus auf Qualit\u00e4t:<\/strong> Wir gew\u00e4hrleisten eine strukturierte Qualit\u00e4tskontrolle und Prozessoptimierung, damit unsere Edelstahltanks und Systeme stets den hohen Anforderungen unserer Kunden sowie den geltenden Gesetzen und Vorschriften entsprechen.<\/p><p><strong>ISO 14001 | Verantwortungsvoller Umgang mit der Umwelt: <\/strong>Wir erf\u00fcllen alle Umweltgesetze und -vorschriften und setzen aktiv auf nachhaltiges und <a href=\"https:\/\/gpi-pharmaceutical.com\/de\/nachhaltigkeit\/\">verantwortungsbewusstes Handeln<\/a>. Wir sind \u00fcberzeugt, dass unser Unternehmen einen positiven Beitrag f\u00fcr Menschen und Gesellschaft leisten sollte.<\/p><p><strong>ISO 45001 | Gesunde und sichere Arbeitsumgebung: <\/strong>Wir sorgen f\u00fcr eine <a href=\"https:\/\/gpi-pharmaceutical.com\/de\/sicherheit\/\">sichere und gesunde Arbeitsumgebung<\/a> f\u00fcr unsere Mitarbeitenden und Partner, indem wir Risiken proaktiv managen und die strengsten Sicherheitsstandards einhalten.<\/p>\t\t\t\t\t\t\t\t<\/div>\n\t\t\t\t<\/div>\n\t\t\t\t<\/div>\n\t\t\t\t\t<\/div>\n\t\t\t\t<\/div>\n\t\t\t\t<\/div>\n\t\t","protected":false},"excerpt":{"rendered":"<p>\u00dcber Gpi Pharma Experte f\u00fcr pharma Edelstahltanks \u00dcber uns Gpi Pharma ist spezialisiert auf die Planung, Herstellung und Lieferung von Edelstahl-Prozess- und Lagertanks f\u00fcr die pharmazeutische Industrie. Wir bieten ma\u00dfgeschneiderte L\u00f6sungen an: von Lagertanks bis hin zu komplexen Tanks mit s\u00e4mtlichem Zubeh\u00f6r. Wir verstehen, dass ein Edelstahltank f\u00fcr die pharmazeutische Industrie nicht einfach nur ein [&hellip;]<\/p>\n","protected":false},"author":1,"featured_media":0,"parent":0,"menu_order":0,"comment_status":"closed","ping_status":"closed","template":"elementor_header_footer","meta":{"_acf_changed":false,"footnotes":""},"class_list":["post-1030","page","type-page","status-publish","hentry"],"acf":[],"_links":{"self":[{"href":"https:\/\/gpi-pharmaceutical.com\/de\/wp-json\/wp\/v2\/pages\/1030","targetHints":{"allow":["GET"]}}],"collection":[{"href":"https:\/\/gpi-pharmaceutical.com\/de\/wp-json\/wp\/v2\/pages"}],"about":[{"href":"https:\/\/gpi-pharmaceutical.com\/de\/wp-json\/wp\/v2\/types\/page"}],"author":[{"embeddable":true,"href":"https:\/\/gpi-pharmaceutical.com\/de\/wp-json\/wp\/v2\/users\/1"}],"replies":[{"embeddable":true,"href":"https:\/\/gpi-pharmaceutical.com\/de\/wp-json\/wp\/v2\/comments?post=1030"}],"version-history":[{"count":23,"href":"https:\/\/gpi-pharmaceutical.com\/de\/wp-json\/wp\/v2\/pages\/1030\/revisions"}],"predecessor-version":[{"id":4814,"href":"https:\/\/gpi-pharmaceutical.com\/de\/wp-json\/wp\/v2\/pages\/1030\/revisions\/4814"}],"wp:attachment":[{"href":"https:\/\/gpi-pharmaceutical.com\/de\/wp-json\/wp\/v2\/media?parent=1030"}],"curies":[{"name":"wp","href":"https:\/\/api.w.org\/{rel}","templated":true}]}}